{"id":2733,"date":"2025-06-13T13:15:24","date_gmt":"2025-06-13T13:15:24","guid":{"rendered":"https:\/\/astrolojikutusu.com\/?post_type=product&#038;p=2733"},"modified":"2025-06-21T10:32:58","modified_gmt":"2025-06-21T10:32:58","slug":"kariyer-planlamasi-danismanligi","status":"publish","type":"product","link":"https:\/\/astrolojikutusu.com\/?product=kariyer-planlamasi-danismanligi","title":{"rendered":"Kariyer Planlamas\u0131 Dan\u0131\u015fmanl\u0131\u011f\u0131"},"content":{"rendered":"<p>\ud83e\udded <strong>KAR<\/strong><strong>\u0130<\/strong><strong>YER PLANLAMASI DANI<\/strong><strong>\u015eMANLI\u011eI<\/strong><\/p>\n<p><strong>NE SUNUYORUZ?<\/strong><br \/>\n\u0130\u015f hayat\u0131n\u0131zdaki y\u00f6n\u00fcn\u00fcz\u00fc belirlemek, uygun meslek alanlar\u0131n\u0131 ke\u015ffetmek ve do\u011fru zamanlarda at\u0131l\u0131m yapmak i\u00e7in kapsaml\u0131 bir analiz yap\u0131l\u0131r.<\/p>\n<p><strong>NELER <\/strong><strong>\u0130<\/strong><strong>NCELEN<\/strong><strong>\u0130<\/strong><strong>R?<\/strong><\/p>\n<ul>\n<li>Kariyer potansiyeliniz<\/li>\n<li>Mesleki g\u00fc\u00e7l\u00fc y\u00f6nleriniz<\/li>\n<li>Maddi ba\u015far\u0131ya ula\u015fma yollar\u0131n\u0131z<\/li>\n<li>Giri\u015fim, i\u015f de\u011fi\u015fikli\u011fi, y\u00fckselme potansiyeli<\/li>\n<li>Hangi d\u00f6nemlerde at\u0131l\u0131m yap\u0131lmal\u0131?<\/li>\n<li>\u0130\u015f-ya\u015fam dengesi ve stres y\u00f6netimi<\/li>\n<li>Gelecek planlamas\u0131na destek<\/li>\n<\/ul>\n<p><strong>S\u0130ZE NASIL YARDIMCI OLUR?<\/strong><br \/>\nKariyerinizde netle\u015fmenizi sa\u011flar. Hangi alana y\u00f6nelmeniz gerekti\u011fi konusunda g\u00fc\u00e7l\u00fc i\u00e7g\u00f6r\u00fcler sunar.<\/p>\n<p>\ud83d\udcf2<strong> S<\/strong><strong>\u00dc<\/strong><strong>RE\u00c7 NASIL \u0130<\/strong><strong>LERL<\/strong><strong>\u0130<\/strong><strong>YOR?<\/strong><br \/>\nShopier\u2019den \u00f6deme yapt\u0131ktan sonra do\u011fum bilgilerinizi iletin.<br \/>\nRandevunuzu birlikte planlayal\u0131m.<br \/>\nG\u00f6r\u00fc\u015fmeler Skype \u00fczerinden yap\u0131l\u0131r.<br \/>\n<strong>S\u00fcre:<\/strong> 60\u201390 dakika<br \/>\n<strong>\u0130\u00e7erik:<\/strong> Kariyer haritas\u0131 + tavsiyeler + zamanlama analizi<\/p>\n","protected":false},"excerpt":{"rendered":"<p>\ud83e\udded <strong>KAR<\/strong><strong>\u0130<\/strong><strong>YER PLANLAMASI DANI<\/strong><strong>\u015eMANLI\u011eI<\/strong><\/p>\n<p><strong>NE SUNUYORUZ?<\/strong><br \/>\n\u0130\u015f hayat\u0131n\u0131zdaki y\u00f6n\u00fcn\u00fcz\u00fc belirlemek, uygun meslek alanlar\u0131n\u0131 ke\u015ffetmek ve do\u011fru zamanlarda at\u0131l\u0131m yapmak i\u00e7in kapsaml\u0131 bir analiz yap\u0131l\u0131r.<\/p>\n<p><strong>NELER <\/strong><strong>\u0130<\/strong><strong>NCELEN<\/strong><strong>\u0130<\/strong><strong>R?<\/strong><\/p>\n<ul>\n<li>Kariyer potansiyeliniz<\/li>\n<li>Mesleki g\u00fc\u00e7l\u00fc y\u00f6nleriniz<\/li>\n<li>Maddi ba\u015far\u0131ya ula\u015fma yollar\u0131n\u0131z<\/li>\n<li>Giri\u015fim, i\u015f de\u011fi\u015fikli\u011fi, y\u00fckselme potansiyeli<\/li>\n<li>Hangi d\u00f6nemlerde at\u0131l\u0131m yap\u0131lmal\u0131?<\/li>\n<li>\u0130\u015f-ya\u015fam dengesi ve stres y\u00f6netimi<\/li>\n<li>Gelecek planlamas\u0131na destek<\/li>\n<\/ul>\n<p><strong>S\u0130ZE NASIL YARDIMCI OLUR?<\/strong><br \/>\nKariyerinizde netle\u015fmenizi sa\u011flar. Hangi alana y\u00f6nelmeniz gerekti\u011fi konusunda g\u00fc\u00e7l\u00fc i\u00e7g\u00f6r\u00fcler sunar.<\/p>\n<p>\ud83d\udcf2<strong> S<\/strong><strong>\u00dc<\/strong><strong>RE\u00c7 NASIL \u0130<\/strong><strong>LERL<\/strong><strong>\u0130<\/strong><strong>YOR?<\/strong><br \/>\nShopier\u2019den \u00f6deme yapt\u0131ktan sonra do\u011fum bilgilerinizi iletin.<br \/>\nRandevunuzu birlikte planlayal\u0131m.<br \/>\nG\u00f6r\u00fc\u015fmeler Skype \u00fczerinden yap\u0131l\u0131r.<br \/>\n<strong>S\u00fcre:<\/strong> 60\u201390 dakika<br \/>\n<strong>\u0130\u00e7erik:<\/strong> Kariyer haritas\u0131 + tavsiyeler + zamanlama analizi<\/p>\n","protected":false},"featured_media":2817,"template":"","meta":{"_eb_attr":""},"product_brand":[],"product_cat":[36],"product_tag":[],"class_list":{"0":"post-2733","1":"product","2":"type-product","3":"status-publish","4":"has-post-thumbnail","6":"product_cat-astroloji-danismanlik","8":"first","9":"instock","10":"sale","11":"downloadable","12":"virtual","13":"taxable","14":"purchasable","15":"product-type-simple"},"acf":[],"_links":{"self":[{"href":"https:\/\/astrolojikutusu.com\/index.php?rest_route=\/wp\/v2\/product\/2733","targetHints":{"allow":["GET"]}}],"collection":[{"href":"https:\/\/astrolojikutusu.com\/index.php?rest_route=\/wp\/v2\/product"}],"about":[{"href":"https:\/\/astrolojikutusu.com\/index.php?rest_route=\/wp\/v2\/types\/product"}],"wp:featuredmedia":[{"embeddable":true,"href":"https:\/\/astrolojikutusu.com\/index.php?rest_route=\/wp\/v2\/media\/2817"}],"wp:attachment":[{"href":"https:\/\/astrolojikutusu.com\/index.php?rest_route=%2Fwp%2Fv2%2Fmedia&parent=2733"}],"wp:term":[{"taxonomy":"product_brand","embeddable":true,"href":"https:\/\/astrolojikutusu.com\/index.php?rest_route=%2Fwp%2Fv2%2Fproduct_brand&post=2733"},{"taxonomy":"product_cat","embeddable":true,"href":"https:\/\/astrolojikutusu.com\/index.php?rest_route=%2Fwp%2Fv2%2Fproduct_cat&post=2733"},{"taxonomy":"product_tag","embeddable":true,"href":"https:\/\/astrolojikutusu.com\/index.php?rest_route=%2Fwp%2Fv2%2Fproduct_tag&post=2733"}],"curies":[{"name":"wp","href":"https:\/\/api.w.org\/{rel}","templated":true}]}}