{"id":2725,"date":"2025-06-13T13:08:13","date_gmt":"2025-06-13T13:08:13","guid":{"rendered":"https:\/\/astrolojikutusu.com\/?post_type=product&#038;p=2725"},"modified":"2025-06-26T10:02:21","modified_gmt":"2025-06-26T10:02:21","slug":"6-aylik-ongoru-gelecek-danismanligi","status":"publish","type":"product","link":"https:\/\/astrolojikutusu.com\/?product=6-aylik-ongoru-gelecek-danismanligi","title":{"rendered":"6 Ayl\u0131k \u00d6ng\u00f6r\u00fc (Gelecek) Dan\u0131\u015fmanl\u0131\u011f\u0131"},"content":{"rendered":"<p><strong>NE SUNUYORUZ?<\/strong><br \/>\n6 ayl\u0131k s\u00fcreciniz boyunca ya\u015fanabilecek geli\u015fmeleri zamanlama odakl\u0131 olarak analiz ederiz. Hedeflerinizi daha sa\u011flam temellere oturtman\u0131z\u0131 sa\u011flar.<\/p>\n<p><strong>NELER <\/strong><strong>\u0130<\/strong><strong>NCELEN<\/strong><strong>\u0130<\/strong><strong>R?<\/strong><\/p>\n<ul>\n<li>\u00d6n\u00fcn\u00fczdeki 6 ayda sizi neler bekliyor?<\/li>\n<li>Kariyer, i\u015f giri\u015fimleri ve projeler<\/li>\n<li>Finansal f\u0131rsatlar ve riskli d\u00f6nemler<\/li>\n<li>A\u015fk hayat\u0131 ve \u00f6zel ili\u015fkilerde hareketlilik<\/li>\n<li>Ta\u015f\u0131nma, aile, \u00e7ocuk, ortakl\u0131k s\u00fcre\u00e7leri<\/li>\n<li>Sa\u011fl\u0131k konular\u0131nda dikkatli olunmas\u0131 gereken zamanlar<\/li>\n<li>Gelece\u011fe y\u00f6nelik planlar i\u00e7in stratejik d\u00f6nemler<\/li>\n<\/ul>\n<p><strong>S\u0130ZE NASIL YARDIMCI OLUR?<\/strong><br \/>\nHedeflerinizi belirlerken zaman\u0131 etkili kullanman\u0131z\u0131 sa\u011flar. Planlama ve haz\u0131rl\u0131k s\u00fcre\u00e7lerini optimize etmenize yard\u0131mc\u0131 olur.<\/p>\n<p>\ud83d\udcf2<strong> S<\/strong><strong>\u00dc<\/strong><strong>RE\u00c7 NASIL \u0130<\/strong><strong>LERL<\/strong><strong>\u0130<\/strong><strong>YOR?<\/strong><br \/>\n\u00d6demenizi Shopier \u00fczerinden yapt\u0131ktan sonra WhatsApp ya da DM yoluyla bizimle ileti\u015fime ge\u00e7in.<br \/>\nDo\u011fum bilgilerinizi iletin ve randevunuzu planlayal\u0131m.<br \/>\n<strong>Skype \u00fczerinden g\u00f6r\u00fc\u015fme sa\u011flan\u0131r.<\/strong><br \/>\n<strong>S\u00fcre:<\/strong> 60\u201390 dakika<br \/>\n<strong>\u0130\u00e7erik:<\/strong> 6 ayl\u0131k detayl\u0131 analiz + \u00f6neriler<\/p>\n","protected":false},"excerpt":{"rendered":"<p><strong>NE SUNUYORUZ?<\/strong><br \/>\n6 ayl\u0131k s\u00fcreciniz boyunca ya\u015fanabilecek geli\u015fmeleri zamanlama odakl\u0131 olarak analiz ederiz. Hedeflerinizi daha sa\u011flam temellere oturtman\u0131z\u0131 sa\u011flar.<\/p>\n<p><strong>NELER <\/strong><strong>\u0130<\/strong><strong>NCELEN<\/strong><strong>\u0130<\/strong><strong>R?<\/strong><\/p>\n<ul>\n<li>\u00d6n\u00fcn\u00fczdeki 6 ayda sizi neler bekliyor?<\/li>\n<li>Kariyer, i\u015f giri\u015fimleri ve projeler<\/li>\n<li>Finansal f\u0131rsatlar ve riskli d\u00f6nemler<\/li>\n<li>A\u015fk hayat\u0131 ve \u00f6zel ili\u015fkilerde hareketlilik<\/li>\n<li>Ta\u015f\u0131nma, aile, \u00e7ocuk, ortakl\u0131k s\u00fcre\u00e7leri<\/li>\n<li>Sa\u011fl\u0131k konular\u0131nda dikkatli olunmas\u0131 gereken zamanlar<\/li>\n<li>Gelece\u011fe y\u00f6nelik planlar i\u00e7in stratejik d\u00f6nemler<\/li>\n<\/ul>\n<p><strong>S\u0130ZE NASIL YARDIMCI OLUR?<\/strong><br \/>\nHedeflerinizi belirlerken zaman\u0131 etkili kullanman\u0131z\u0131 sa\u011flar. Planlama ve haz\u0131rl\u0131k s\u00fcre\u00e7lerini optimize etmenize yard\u0131mc\u0131 olur.<\/p>\n<p>\ud83d\udcf2<strong> S<\/strong><strong>\u00dc<\/strong><strong>RE\u00c7 NASIL \u0130<\/strong><strong>LERL<\/strong><strong>\u0130<\/strong><strong>YOR?<\/strong><br \/>\n\u00d6demenizi Shopier \u00fczerinden yapt\u0131ktan sonra WhatsApp ya da DM yoluyla bizimle ileti\u015fime ge\u00e7in.<br \/>\nDo\u011fum bilgilerinizi iletin ve randevunuzu planlayal\u0131m.<br \/>\n<strong>Skype \u00fczerinden g\u00f6r\u00fc\u015fme sa\u011flan\u0131r.<\/strong><br \/>\n<strong>S\u00fcre:<\/strong> 60\u201390 dakika<br \/>\n<strong>\u0130\u00e7erik:<\/strong> 6 ayl\u0131k detayl\u0131 analiz + \u00f6neriler<\/p>\n","protected":false},"featured_media":2830,"template":"","meta":{"_eb_attr":""},"product_brand":[],"product_cat":[36],"product_tag":[],"class_list":{"0":"post-2725","1":"product","2":"type-product","3":"status-publish","4":"has-post-thumbnail","6":"product_cat-astroloji-danismanlik","8":"first","9":"instock","10":"sale","11":"taxable","12":"shipping-taxable","13":"purchasable","14":"product-type-simple"},"acf":[],"_links":{"self":[{"href":"https:\/\/astrolojikutusu.com\/index.php?rest_route=\/wp\/v2\/product\/2725","targetHints":{"allow":["GET"]}}],"collection":[{"href":"https:\/\/astrolojikutusu.com\/index.php?rest_route=\/wp\/v2\/product"}],"about":[{"href":"https:\/\/astrolojikutusu.com\/index.php?rest_route=\/wp\/v2\/types\/product"}],"wp:featuredmedia":[{"embeddable":true,"href":"https:\/\/astrolojikutusu.com\/index.php?rest_route=\/wp\/v2\/media\/2830"}],"wp:attachment":[{"href":"https:\/\/astrolojikutusu.com\/index.php?rest_route=%2Fwp%2Fv2%2Fmedia&parent=2725"}],"wp:term":[{"taxonomy":"product_brand","embeddable":true,"href":"https:\/\/astrolojikutusu.com\/index.php?rest_route=%2Fwp%2Fv2%2Fproduct_brand&post=2725"},{"taxonomy":"product_cat","embeddable":true,"href":"https:\/\/astrolojikutusu.com\/index.php?rest_route=%2Fwp%2Fv2%2Fproduct_cat&post=2725"},{"taxonomy":"product_tag","embeddable":true,"href":"https:\/\/astrolojikutusu.com\/index.php?rest_route=%2Fwp%2Fv2%2Fproduct_tag&post=2725"}],"curies":[{"name":"wp","href":"https:\/\/api.w.org\/{rel}","templated":true}]}}