{"id":2716,"date":"2025-06-13T12:46:30","date_gmt":"2025-06-13T12:46:30","guid":{"rendered":"https:\/\/astrolojikutusu.com\/?post_type=product&#038;p=2716"},"modified":"2025-06-21T10:42:11","modified_gmt":"2025-06-21T10:42:11","slug":"tek-soru-danismanligi","status":"publish","type":"product","link":"https:\/\/astrolojikutusu.com\/?product=tek-soru-danismanligi","title":{"rendered":"Tek Soru Dan\u0131\u015fmanl\u0131\u011f\u0131"},"content":{"rendered":"<p><strong>NE SUNUYORUZ?<\/strong><br \/>\nHayat\u0131n\u0131zla ilgili netlik kazanmak istedi\u011finiz bir konu \u00fczerine haritan\u0131z incelenir ve zamanlama analizine g\u00f6re detayl\u0131 yan\u0131t sunulur.<\/p>\n<p><strong>NELER <\/strong><strong>\u0130<\/strong><strong>NCELEN<\/strong><strong>\u0130<\/strong><strong>R?<\/strong><\/p>\n<ul>\n<li>\u0130\u015f, ili\u015fki, e\u011fitim, ta\u015f\u0131nma gibi belirli bir konuda analiz<\/li>\n<li>O konuya \u00f6zel zamanlama ve y\u00f6nlendirme<\/li>\n<li>Karar alma s\u00fcrecine katk\u0131<\/li>\n<li>Alternatif yollar\u0131n olas\u0131l\u0131klar\u0131 (varsa)<\/li>\n<\/ul>\n<p><strong>S\u0130ZE NASIL YARDIMCI OLUR?<\/strong><br \/>\nBelirsizlik ya\u015fad\u0131\u011f\u0131n\u0131z bir konuda h\u0131zl\u0131 ve etkili bir \u015fekilde yan\u0131t alman\u0131z\u0131 sa\u011flar.<\/p>\n<p>\ud83d\udcf2<strong> S<\/strong><strong>\u00dc<\/strong><strong>RE\u00c7 NASIL \u0130<\/strong><strong>LERL<\/strong><strong>\u0130<\/strong><strong>YOR?<\/strong><br \/>\nShopier&#8217;den \u00f6deme sonras\u0131, WhatsApp ya da DM \u00fczerinden bize ula\u015f\u0131n.<br \/>\nSorunuzu ve do\u011fum bilgilerinizi iletin.<br \/>\n<strong>S\u00fcre:<\/strong> (30\u201345 dakika) yaz\u0131l\u0131 olarak iletilecektir.<br \/>\n<strong>\u0130\u00e7erik:<\/strong> Soruya \u00f6zel analiz + birebir y\u00f6nlendirme<\/p>\n","protected":false},"excerpt":{"rendered":"<p><strong>NE SUNUYORUZ?<\/strong><br \/>\nHayat\u0131n\u0131zla ilgili netlik kazanmak istedi\u011finiz bir konu \u00fczerine haritan\u0131z incelenir ve zamanlama analizine g\u00f6re detayl\u0131 yan\u0131t sunulur.<\/p>\n<p><strong>NELER <\/strong><strong>\u0130<\/strong><strong>NCELEN<\/strong><strong>\u0130<\/strong><strong>R?<\/strong><\/p>\n<ul>\n<li>\u0130\u015f, ili\u015fki, e\u011fitim, ta\u015f\u0131nma gibi belirli bir konuda analiz<\/li>\n<li>O konuya \u00f6zel zamanlama ve y\u00f6nlendirme<\/li>\n<li>Karar alma s\u00fcrecine katk\u0131<\/li>\n<li>Alternatif yollar\u0131n olas\u0131l\u0131klar\u0131 (varsa)<\/li>\n<\/ul>\n<p><strong>S\u0130ZE NASIL YARDIMCI OLUR?<\/strong><br \/>\nBelirsizlik ya\u015fad\u0131\u011f\u0131n\u0131z bir konuda h\u0131zl\u0131 ve etkili bir \u015fekilde yan\u0131t alman\u0131z\u0131 sa\u011flar.<\/p>\n<p>\ud83d\udcf2<strong> S<\/strong><strong>\u00dc<\/strong><strong>RE\u00c7 NASIL \u0130<\/strong><strong>LERL<\/strong><strong>\u0130<\/strong><strong>YOR?<\/strong><br \/>\nShopier&#8217;den \u00f6deme sonras\u0131, WhatsApp ya da DM \u00fczerinden bize ula\u015f\u0131n.<br \/>\nSorunuzu ve do\u011fum bilgilerinizi iletin.<br \/>\n<strong>S\u00fcre:<\/strong> (30\u201345 dakika) yaz\u0131l\u0131 olarak iletilecektir.<br \/>\n<strong>\u0130\u00e7erik:<\/strong> Soruya \u00f6zel analiz + birebir y\u00f6nlendirme<\/p>\n","protected":false},"featured_media":2825,"template":"","meta":{"_eb_attr":""},"product_brand":[],"product_cat":[36],"product_tag":[],"class_list":{"0":"post-2716","1":"product","2":"type-product","3":"status-publish","4":"has-post-thumbnail","6":"product_cat-astroloji-danismanlik","8":"first","9":"instock","10":"sale","11":"downloadable","12":"virtual","13":"taxable","14":"purchasable","15":"product-type-simple"},"acf":[],"_links":{"self":[{"href":"https:\/\/astrolojikutusu.com\/index.php?rest_route=\/wp\/v2\/product\/2716","targetHints":{"allow":["GET"]}}],"collection":[{"href":"https:\/\/astrolojikutusu.com\/index.php?rest_route=\/wp\/v2\/product"}],"about":[{"href":"https:\/\/astrolojikutusu.com\/index.php?rest_route=\/wp\/v2\/types\/product"}],"wp:featuredmedia":[{"embeddable":true,"href":"https:\/\/astrolojikutusu.com\/index.php?rest_route=\/wp\/v2\/media\/2825"}],"wp:attachment":[{"href":"https:\/\/astrolojikutusu.com\/index.php?rest_route=%2Fwp%2Fv2%2Fmedia&parent=2716"}],"wp:term":[{"taxonomy":"product_brand","embeddable":true,"href":"https:\/\/astrolojikutusu.com\/index.php?rest_route=%2Fwp%2Fv2%2Fproduct_brand&post=2716"},{"taxonomy":"product_cat","embeddable":true,"href":"https:\/\/astrolojikutusu.com\/index.php?rest_route=%2Fwp%2Fv2%2Fproduct_cat&post=2716"},{"taxonomy":"product_tag","embeddable":true,"href":"https:\/\/astrolojikutusu.com\/index.php?rest_route=%2Fwp%2Fv2%2Fproduct_tag&post=2716"}],"curies":[{"name":"wp","href":"https:\/\/api.w.org\/{rel}","templated":true}]}}